{"id":91,"date":"2023-08-31T09:28:08","date_gmt":"2023-08-31T09:28:08","guid":{"rendered":"https:\/\/mygalomorphes.xiapdesign.com\/?page_id=91"},"modified":"2023-08-31T09:28:08","modified_gmt":"2023-08-31T09:28:08","slug":"stations-datypus-sp-en-lorraine","status":"publish","type":"page","link":"https:\/\/mygalomorphes.xiapdesign.com\/index.php\/stations-datypus-sp-en-lorraine\/","title":{"rendered":"Stations d&rsquo;Atypus sp.\u00a0en Lorraine"},"content":{"rendered":"\n<p><\/p>\n\n\n\n<ul class=\"wp-block-list\">\n<li>Pelouses calcaires d&rsquo;Arnaville (54).<\/li>\n\n\n\n<li>Ensemble du Massif vosgien (altitude inf\u00e9rieure \u00e0 500 m\u00e8tres ?).<\/li>\n\n\n\n<li>\u00ab\u00a0C\u00f4te de Veau\u00a0\u00bb \u00e0 Mogn\u00e9ville (55).<\/li>\n\n\n\n<li>R\u00e9gion de Sierck (57).<\/li>\n<\/ul>\n\n\n\n<p>Si vous avez connaissance d&rsquo;autres stations en Lorraine o\u00f9&nbsp;<em>Atypus sp.<\/em>&nbsp;est pr\u00e9sente, faites-le moi savoir par&nbsp;<a href=\"mailto:jean-marc.birat@wanadoo.fr\">e-mail<\/a>&nbsp;.<\/p>\n\n\n\n<p><\/p>\n","protected":false},"excerpt":{"rendered":"<p>Si vous avez connaissance d&rsquo;autres stations en Lorraine o\u00f9&nbsp;Atypus sp.&nbsp;est pr\u00e9sente, faites-le moi savoir par&nbsp;e-mail&nbsp;.<\/p>\n","protected":false},"author":1,"featured_media":0,"parent":0,"menu_order":0,"comment_status":"closed","ping_status":"closed","template":"","meta":{"footnotes":""},"class_list":["post-91","page","type-page","status-publish","hentry","no-post-thumbnail"],"_links":{"self":[{"href":"https:\/\/mygalomorphes.xiapdesign.com\/index.php\/wp-json\/wp\/v2\/pages\/91","targetHints":{"allow":["GET"]}}],"collection":[{"href":"https:\/\/mygalomorphes.xiapdesign.com\/index.php\/wp-json\/wp\/v2\/pages"}],"about":[{"href":"https:\/\/mygalomorphes.xiapdesign.com\/index.php\/wp-json\/wp\/v2\/types\/page"}],"author":[{"embeddable":true,"href":"https:\/\/mygalomorphes.xiapdesign.com\/index.php\/wp-json\/wp\/v2\/users\/1"}],"replies":[{"embeddable":true,"href":"https:\/\/mygalomorphes.xiapdesign.com\/index.php\/wp-json\/wp\/v2\/comments?post=91"}],"version-history":[{"count":2,"href":"https:\/\/mygalomorphes.xiapdesign.com\/index.php\/wp-json\/wp\/v2\/pages\/91\/revisions"}],"predecessor-version":[{"id":93,"href":"https:\/\/mygalomorphes.xiapdesign.com\/index.php\/wp-json\/wp\/v2\/pages\/91\/revisions\/93"}],"wp:attachment":[{"href":"https:\/\/mygalomorphes.xiapdesign.com\/index.php\/wp-json\/wp\/v2\/media?parent=91"}],"curies":[{"name":"wp","href":"https:\/\/api.w.org\/{rel}","templated":true}]}}