{"id":86,"date":"2023-08-31T09:22:21","date_gmt":"2023-08-31T09:22:21","guid":{"rendered":"https:\/\/mygalomorphes.xiapdesign.com\/?page_id=86"},"modified":"2023-08-31T09:22:21","modified_gmt":"2023-08-31T09:22:21","slug":"liste-complete-des-especes-de-nemesia","status":"publish","type":"page","link":"https:\/\/mygalomorphes.xiapdesign.com\/index.php\/liste-complete-des-especes-de-nemesia\/","title":{"rendered":"Liste compl\u00e8te des esp\u00e8ces de Nemesia"},"content":{"rendered":"\n<p><\/p>\n\n\n\n<p>Il existe en France 15 esp\u00e8ces de Nemesia, dont 7 se retrouvent en Corse, parmi lesquelles 6 sont end\u00e9miques de l&rsquo;\u00eele.<\/p>\n\n\n\n<p>Voici la liste :<\/p>\n\n\n\n<ul class=\"wp-block-list\">\n<li><em><u>Nemesia caementaria<\/u><\/em>\u00a0(Latreille, 1798)\u00a0:<br>La femelle a un cephalothorax compris entre 5,50 et 7,42 mm, le m\u00e2le entre 4 \u00e0 5,62 mm. Le corps mesure entre 11 et 13 mm. Les tiges des ch\u00e9lic\u00e8res poss\u00e8dent de grosses soies caract\u00e9ristiques. Cette mygale se retrouve dans le Languedoc-Roussillon, l&rsquo;H\u00e9rault (Montpellier,B\u00e9ziers), L&rsquo;Aude (Narbonne, la Clape), les Pyr\u00e9n\u00e9es-Orientales (Collioure, Bagnyuls-sur-Mer). Elle se retouve fr\u00e9quemment le long de la c\u00f4te m\u00e9diterran\u00e9enne, de Montpellier jusqu&rsquo;\u00e0 Terragona. Son terrier est form\u00e9 d&rsquo;un opercule \u00e0 charni\u00e8re, rond, \u00e9pais et \u00e0 bord tronconiques. Il est imperm\u00e9able \u00e0 l&rsquo;eau. L&rsquo;araign\u00e9e se tient souvent sous l&rsquo;opercule, quelle soul\u00e8ve l\u00e9g\u00e8rement, laissant d\u00e9passer l&rsquo;extr\u00e9mit\u00e9 de ses pattes, et reste ainsi \u00e0 l&rsquo;aff\u00fbt de la moindre proie. Le terrier, qui peut atteindre de 25 \u00e0 30 cm de profondeur, est de pr\u00e9f\u00e9rence creus\u00e9 dans un sol compact et argileux, toujours expos\u00e9 au nord nord-est ou nord-ouest, sur un plan inclin\u00e9 et voire m\u00eame parfois vertical : berges de ruisseaux et de rivi\u00e8res, talus divers de chemins creux, murettes de pierres s\u00e8ches dans des vignobles. La chasse est nocturne et ne se fait sans r\u00e9el abandon du terrier. Cette\u00a0<em>Nemesia<\/em>\u00a0se nourrit de grillons, fourmis, de coleopt\u00e8res, d&rsquo;abeilles&#8230;Elle peut stocker plusieurs captures dans son terrier avant de les consommer. Les d\u00e9bris, emmaillot\u00e9s de soie, forment une petite pelote que l&rsquo;araign\u00e9e garde au fond de son terrier. La recherche des femelles par les m\u00e2les s&rsquo;effectue en mars. Sa dur\u00e9e de vie pourrait atteindre 20 ans.\u00a0<br>Il est a noter que cette Mygale est tr\u00e8s agressive puisque le moindre contact provoque une attaque imm\u00e9diate. La morsure est prolong\u00e9e. La toxicit\u00e9 de son venin est inconnue.<\/li>\n\n\n\n<li><em><u>Nemesia congener<\/u><\/em>&nbsp;(O. P.-Cambridge, 1874).<br>Le terrier est constitu\u00e9 d&rsquo;un embranchement aigu et de 2 opercules. Le premier opercule, celui de l&rsquo;entr\u00e9e, est mince, flasque, avec un contour la plupart du temps irr\u00e9gulier et prolong\u00e9 par une collerette soyeuse m\u00eal\u00e9e de chaumes de gramin\u00e9es. L&rsquo;opercule interne et plac\u00e9 au niveau de l&rsquo;angle de bifurcation des 2 tubes. Il est tr\u00e8s dur, court et large, \u00e0 coupe triangulaire. Il est bord\u00e9 d&rsquo;une longue frange en forme de tablier. Cette esp\u00e8ce est retrouv\u00e9 dans les Bouches-du-Rh\u00f4ne (Aix, for\u00eat de Vitrolle),le Var (Toulon, Hy\u00e8res, for\u00eat de Dom, le Lavandou, \u00eele de Porquerolles, Cavali\u00e8re&#8230;), peut-\u00eatre dans le Vaucluse, pr\u00e8s de Vaison.<\/li>\n\n\n\n<li><em><u>Nemesia dubia<\/u><\/em>&nbsp;(O. P.-Cambridge, 1874).&nbsp;<br>Elle pr\u00e9sente des colorations de la partie c\u00e9phalique particuli\u00e8res. Cette Myagle tend des fils radiaires autour de l&rsquo;orifice du terrier, fils qui d\u00e9tectent les proies potentielles qui passent dessus. Elle se retrouve du Languedoc-Roussillon \u00e0 l&rsquo;Ard\u00e8che.<\/li>\n\n\n\n<li><em><u>Nemesia eleanora<\/u><\/em>&nbsp;(O. P.-Cambridge, 1873).<br>Cette Mygale est de couleur sombre. Le nid n&rsquo;est constitu\u00e9 que d&rsquo;un tube mais \u00e0 double porte : une \u00e0 l&rsquo;ext\u00e9rieur (mince et flasque), une \u00e0 l&rsquo;int\u00e9rieur (presque circulaire), avec une frange tronqu\u00e9e en forme de tablier et chacun des angles prolong\u00e9s par un filet soyeux. Le deuxi\u00e8me permet \u00e0 la Mygale d&rsquo;\u00e9chapper \u00e9ventuellement \u00e0 un pr\u00e9dateur. Le tube est souvent prolong\u00e9, \u00e0 l&rsquo;ext\u00e9rieur, de mousses ou d&rsquo;herbes. Elle est pr\u00e9sente dans le Sud-Est de la France (Bouches-du-Rh\u00f4ne, Alpes-Maritimes.)<\/li>\n\n\n\n<li><em><u>Nemesia incerta&nbsp;<\/u><\/em>(O. P.-Cambridge, 1874).&nbsp;<br>Tr\u00e8s peu d&rsquo;informations sur cette esp\u00e8ce. Cette araign\u00e9e n&rsquo;est connue que dans les Basses-Alpes.<\/li>\n\n\n\n<li><em><u>Nemesia manderstjernae&nbsp;<\/u><\/em>(L. Koch, 1871).&nbsp;<br>Le terrier \u00e0 embranchement \u00e0 angle aigu et pourvu de 2 opercules. L&rsquo;opercule d&rsquo;entr\u00e9e est mince mais plus rigide que celui de&nbsp;<em>Nemesia congener<\/em>. L&rsquo;opercule int\u00e9rieur, ins\u00e9r\u00e9 comme celui de&nbsp;<em>Nemesia congener<\/em>&nbsp;est ovale, de forme tr\u00e8s allong\u00e9e et prolong\u00e9 par une frange tronqu\u00e9e en forme de tablier. Cette&nbsp;<em>Nemesia&nbsp;<\/em>se retrouve dans le Var (Hy\u00e8res, Bormes), Alpes-Maritimes (Cannes, Cagnes, Nice, Monaco, Menton), le litoral d(Hy\u00e8res \u00e0 Menton.<\/li>\n\n\n\n<li><em><u>Nemesia raripila<\/u><\/em>&nbsp;(Simon, 1914).&nbsp;<br>Le terrier est simple et sans embranchement, ni opercule int\u00e9rieur. L&rsquo;opercule ext\u00e9rieur est mince mais rigide et rond. Cette Mygale se retrouve dans les Pyr\u00e9n\u00e9es-Orientales (Bagnyuls-sur-Mer, for\u00eat de la Massane, for\u00eat de Ceret, Velmanya).<\/li>\n\n\n\n<li><em><u>Nemesia simoni&nbsp;<\/u><\/em>(O. P. Cambridge, 1874).&nbsp;<br>Elle se retrouve dans la Gironde (Bordeaux, Cadillac&#8230;), le Gers (Courrensan), les Basses-Pyr\u00e9n\u00e9es, les Hautes-Pyr\u00e9n\u00e9es, la Haute-Garonne (de la plaine jusqu&rsquo;\u00e0 1200 m\u00e8tres d&rsquo;altitude), l&rsquo;Aude (Escouloubre&#8230;), le Sud-ouest de la France, entre la Garonne et les Pyr\u00e9n\u00e9es.<\/li>\n<\/ul>\n\n\n\n<p>Les 7 esp\u00e8ces suivantes sont originaires de Corse (dont 6 sont end\u00e9miques) :<\/p>\n\n\n\n<ul class=\"wp-block-list\">\n<li><em><u>Nemesia albicomis<\/u><\/em>&nbsp;(Simon, 1914).&nbsp;<br>Elle se retrouverait au Sud de l&rsquo;\u00eele, pr\u00e8s de Bonifacio.<\/li>\n\n\n\n<li><em><u>Nemesia arenicola<\/u><\/em>&nbsp;(Simon, 1892).<br>Elle se retrouverait sur les plages du Sud de l&rsquo;\u00eele, pr\u00e8s de Bonifacio et pr\u00e8s de Porto-Vecchio.<\/li>\n\n\n\n<li><em><u>Nemesia badia<\/u><\/em>&nbsp;(Ausserer, 1871).<\/li>\n\n\n\n<li><em><u>Nemesia carminans<\/u><\/em>&nbsp;(Latreille, 1818).&nbsp;<br>Elle est tr\u00e8s proche de&nbsp;<em>Nemesia caemantaria<\/em>&nbsp;Elle est pr\u00e9sente en Corse (Calvi, Ajaccio, Bonifacio) mais \u00e9galement dans le Sud de la France (Vaucluse, Basses-Alpes, Bouches-du-Rh\u00f4nes, Var, Alpes-Maritimes).<\/li>\n\n\n\n<li><em><u>Nemesia corsica<\/u><\/em>&nbsp;(Simon, 1873).&nbsp;<br>Sa r\u00e9partition en Corse est controvers\u00e9e. D&rsquo;apr\u00e8s Simon (1914), elle est commune \u00e0 toute l&rsquo;\u00eele, aussi bien dans les parties hautes que dans les parties basses. Selon Emerit (1992), c&rsquo;est une esp\u00e8ce c\u00f4ti\u00e8re que l&rsquo;on trouve d&rsquo;avantage sur un sol plat et sableux.<\/li>\n\n\n\n<li><em><u>Nemesia fertoni<\/u><\/em>&nbsp;(Simon, 1914).<br>Cette esp\u00e8ce se retrouve au alentours de Bonifacio.<\/li>\n\n\n\n<li><em><u>Nemesia meridionalis<\/u><\/em>&nbsp;(Costa, 1838).<br>Le terrier de cette Mygale comprend une porte souterraine en plus et 2 galeries (dont un tube \u00e0 45\u00b0). La seconde porte est destin\u00e9e \u00e0 permettre la fuite de l&rsquo;Araign\u00e9e en cas d&rsquo;agression. Le second tube se termine souvent en cul de sac (toujours chez les jeunes), mais il arrive qu&rsquo;il donne sur la surface. Et si une porte appara\u00eet alors (3 portes), une des 2 portes en surface est le plus souvent n\u00e9glig\u00e9e. L&rsquo;Araign\u00e9e ouvre de temps \u00e0 autre son opercule. Si elle est agress\u00e9e, elle ferme rapidement la porte et se recroqueville au fond de son terrier ou, plus rarement et pour les plus agressives, elle sort et ouvre ses crochets pour tenter d&rsquo;impressionner l&rsquo;agresseur (Scolopendres comme&nbsp;<em>Scolopendra<\/em>, de petits L\u00e9zards, etc.). Sur l&rsquo;opercule, \u00e0 l&rsquo;ext\u00e9rieur, nous trouverons divers types de d\u00e9cors en fonction de l&rsquo;habitat de l&rsquo;animal. En g\u00e9n\u00e9ral, la porte d&rsquo;entr\u00e9e s&rsquo;harmonise bien avec le milieu, mais il arrive cependant que certaines attirent un peu l&rsquo;attention (notamment quand le milieu est plus sec, l&rsquo;opercule est plus p\u00e2le que le reste du terrain). Le nid est parfois r\u00e9alis\u00e9 dans des murs fait de pierres volcaniques, le plus souvent dans des lieux ombrag\u00e9 et tourn\u00e9 au nord ou \u00e0 l&rsquo;est, rarement vers le sud, afin de trouver calme et humidit\u00e9 n\u00e9cessaire \u00e0 son bien \u00eatre. Le terrier exc\u00e8de rarement la longueur d&rsquo;une paume. La direction du tube est souvent horizontal, dans un premier temps, puis remonte brusquement en tournant \u00e0 gauche ou \u00e0 droite et quelquefois en zizag. Cette Myagle tend des fils radiaires autour de l&rsquo;orifice du terrier, fils qui d\u00e9tectent les proies potentielles qui passent dessus. Il est \u00e0 not\u00e9 que lorsque cette Mygale est expos\u00e9e \u00e0 la lumi\u00e8re, elle fait la morte.<\/li>\n<\/ul>\n\n\n\n<p>Pour une d\u00e9termination pr\u00e9cise de ces diff\u00e9rentes esp\u00e8ces, il est souvent indispensable de recourir \u00e0 une cl\u00e9 de d\u00e9termination tant il est compliqu\u00e9 de diff\u00e9rencier les diff\u00e9rents sp\u00e9cimens. Si vous cherchez a en savoir plus, vous pouvez me contacter par e-mail via&nbsp;<a href=\"http:\/\/jean-marc.birat.pagesperso-orange.fr\/index.html\">la page principale<\/a>.<\/p>\n\n\n\n<p>Cette page a \u00e9t\u00e9 cr\u00e9\u00e9e gr\u00e2ce des informations fournies par E. Delfosse (MNHN).<\/p>\n","protected":false},"excerpt":{"rendered":"<p>Il existe en France 15 esp\u00e8ces de Nemesia, dont 7 se retrouvent en Corse, parmi lesquelles 6 sont end\u00e9miques de l&rsquo;\u00eele. Voici la liste : Les 7 esp\u00e8ces suivantes sont originaires de Corse (dont 6 sont end\u00e9miques) : Pour une&#8230;<\/p>\n","protected":false},"author":1,"featured_media":0,"parent":0,"menu_order":0,"comment_status":"closed","ping_status":"closed","template":"","meta":{"footnotes":""},"class_list":["post-86","page","type-page","status-publish","hentry","no-post-thumbnail"],"_links":{"self":[{"href":"https:\/\/mygalomorphes.xiapdesign.com\/index.php\/wp-json\/wp\/v2\/pages\/86","targetHints":{"allow":["GET"]}}],"collection":[{"href":"https:\/\/mygalomorphes.xiapdesign.com\/index.php\/wp-json\/wp\/v2\/pages"}],"about":[{"href":"https:\/\/mygalomorphes.xiapdesign.com\/index.php\/wp-json\/wp\/v2\/types\/page"}],"author":[{"embeddable":true,"href":"https:\/\/mygalomorphes.xiapdesign.com\/index.php\/wp-json\/wp\/v2\/users\/1"}],"replies":[{"embeddable":true,"href":"https:\/\/mygalomorphes.xiapdesign.com\/index.php\/wp-json\/wp\/v2\/comments?post=86"}],"version-history":[{"count":1,"href":"https:\/\/mygalomorphes.xiapdesign.com\/index.php\/wp-json\/wp\/v2\/pages\/86\/revisions"}],"predecessor-version":[{"id":87,"href":"https:\/\/mygalomorphes.xiapdesign.com\/index.php\/wp-json\/wp\/v2\/pages\/86\/revisions\/87"}],"wp:attachment":[{"href":"https:\/\/mygalomorphes.xiapdesign.com\/index.php\/wp-json\/wp\/v2\/media?parent=86"}],"curies":[{"name":"wp","href":"https:\/\/api.w.org\/{rel}","templated":true}]}}