{"id":82,"date":"2023-08-31T09:20:05","date_gmt":"2023-08-31T09:20:05","guid":{"rendered":"https:\/\/mygalomorphes.xiapdesign.com\/?page_id=82"},"modified":"2023-08-31T09:23:44","modified_gmt":"2023-08-31T09:23:44","slug":"les-nemesiidae","status":"publish","type":"page","link":"https:\/\/mygalomorphes.xiapdesign.com\/index.php\/les-nemesiidae\/","title":{"rendered":"Les\u00a0Nemesiidae"},"content":{"rendered":"\n<p><\/p>\n\n\n\n<p>Ces Mygales pr\u00e9sentent des caract\u00e9ristiques proches des Ctenizidae. Elles ont d&rsquo;ailleurs longtemps \u00e9t\u00e9 class\u00e9es dans la Famille des Ctenizidae. En France on ne retrouve qu&rsquo;un seul Genre que l&rsquo;on ne retrouve que dans le Sud de la France :<br>&#8211;\u00a0<em>Nemesia<\/em>, chez qui la pilosit\u00e9 est plus d\u00e9velopp\u00e9e. La fossette thoracique est r\u00e9curv\u00e9e. On retrouve 15 esp\u00e8ces de\u00a0<em>Nemesia<\/em>\u00a0en France, dont 6 sont end\u00e9miques \u00e0 la Corse. Les distinctions morphologiques entre les esp\u00e8ces \u00e9tant tr\u00e8s complexes je ne traiterai que de leur taille, de leur habitat et de leur zone de r\u00e9partition pour les 4 principales esp\u00e8ces de\u00a0<em>Nemesia<\/em>\u00a0:<\/p>\n\n\n\n<p><em><u>Nemesia simoni&nbsp;<\/u><\/em>: elle vit le plus souvent en sous-bois mais \u00e9galement sur des talus, des terrains plats ou dans les friches. Le terrier est cach\u00e9 sous la liti\u00e8re ou les mousses. La femelle mesure environ 1,5 cm et le m\u00e2le 1 cm. On retrouve cette esp\u00e8ce dans le sud-ouest de la France, entre la Garonne et les Pyr\u00e9n\u00e9es.<\/p>\n\n\n\n<p><em><u>Nemesia mandersjernae<\/u><\/em>&nbsp;: le terrier pr\u00e9sente souvent un embranchement lat\u00e9ral. La taille des individus m\u00e2les et femelles sont identiques \u00e0 celle retrouv\u00e9e chez&nbsp;<em>Nemesia simoni<\/em>. Cette esp\u00e8ce est pr\u00e9sente sur le littoral m\u00e9diterran\u00e9en d&rsquo;Hy\u00e8res \u00e0 Menton.<\/p>\n\n\n<div class=\"wp-block-image\">\n<figure class=\"alignright size-large is-resized\"><img loading=\"lazy\" decoding=\"async\" src=\"https:\/\/mygalomorphes.xiapdesign.com\/wp-content\/uploads\/2023\/08\/NEMESI_1-1024x664.jpg\" alt=\"\" class=\"wp-image-84\" style=\"width:382px;height:248px\" width=\"382\" height=\"248\" srcset=\"https:\/\/mygalomorphes.xiapdesign.com\/wp-content\/uploads\/2023\/08\/NEMESI_1-1024x664.jpg 1024w, https:\/\/mygalomorphes.xiapdesign.com\/wp-content\/uploads\/2023\/08\/NEMESI_1-300x195.jpg 300w, https:\/\/mygalomorphes.xiapdesign.com\/wp-content\/uploads\/2023\/08\/NEMESI_1-768x498.jpg 768w, https:\/\/mygalomorphes.xiapdesign.com\/wp-content\/uploads\/2023\/08\/NEMESI_1.jpg 1027w\" sizes=\"auto, (max-width: 382px) 100vw, 382px\" \/><figcaption class=\"wp-element-caption\"><em>Nemesia caementaria&nbsp;<\/em>(photo Emerit)<\/figcaption><\/figure>\n<\/div>\n\n\n<p><em><u>Nemesia caementaria<\/u><\/em>&nbsp;: elle vit sur des talus, sur des terrains plats et dans les friches. Le terrier est ferm\u00e9 par un opercule en rondelle \u00e9paisse, les bords sont form\u00e9s de couches successives de terre et de soies. La taille des individus m\u00e2les et femelles est identique \u00e0 celle de&nbsp;<em>Nemesia simoni<\/em>. Cette esp\u00e8ce est pr\u00e9sente dans l&rsquo;H\u00e9rault, l&rsquo;Aude et les Pyr\u00e9n\u00e9es-Orientales.<\/p>\n\n\n\n<p><em><u>Nemesia carminans<\/u>&nbsp;<\/em>: c&rsquo;est une esp\u00e8ce tr\u00e8s voisine de&nbsp;<em>Nemesia caementaria&nbsp;<\/em>\u00e0 l&rsquo;exception<em>&nbsp;<\/em>qu&rsquo;elle occupe les r\u00e9gions Sud de la France \u00e0 l&rsquo;Est du Rh\u00f4ne.<\/p>\n\n\n\n<p>Les<em>&nbsp;Nemesia<\/em>&nbsp;fran\u00e7aises, lorqu&rsquo;elles sont soumises \u00e0 une forte chaleur et s\u00e9cheresse, se mettent en vie ralentie apr\u00e8s avoir scell\u00e9 l&rsquo;opercule.<br>Le nom de Genre&nbsp;<em>Nemesia<\/em>&nbsp;proviendrait de \u00ab\u00a0N\u00e9m\u00e9sis\u00a0\u00bb, fille de la d\u00e9esse de la nuit, de la vengeance et de la col\u00e8re, en r\u00e9f\u00e9rence au moeurs nocturnes de l&rsquo;araign\u00e9e et \u00e0 la f\u00e9rocit\u00e9 du genre.<\/p>\n\n\n\n<p>Pour en savoir plus sur les\u00a0<em>Nemesia<\/em>\u00a0fran\u00e7aises, voyez\u00a0<a href=\"http:\/\/jean-marc.birat.pagesperso-orange.fr\/liste%20nemesia.html\">l<\/a><a href=\"https:\/\/mygalomorphes.xiapdesign.com\/index.php\/liste-complete-des-especes-de-nemesia\/\">a liste compl\u00e8te des esp\u00e8ces de Nemesia<\/a>.<\/p>\n\n\n\n<p>D\u00e9couvrez \u00e9galement&nbsp;<a href=\"http:\/\/jean-marc.birat.pagesperso-orange.fr\/world%20nemesia.html\">la famille des&nbsp;<em>Nemesiidae<\/em>&nbsp;dans le monde<\/a>.<\/p>\n","protected":false},"excerpt":{"rendered":"<p>Ces Mygales pr\u00e9sentent des caract\u00e9ristiques proches des Ctenizidae. Elles ont d&rsquo;ailleurs longtemps \u00e9t\u00e9 class\u00e9es dans la Famille des Ctenizidae. En France on ne retrouve qu&rsquo;un seul Genre que l&rsquo;on ne retrouve que dans le Sud de la France :&#8211;\u00a0Nemesia, chez&#8230;<\/p>\n","protected":false},"author":1,"featured_media":0,"parent":0,"menu_order":0,"comment_status":"closed","ping_status":"closed","template":"","meta":{"footnotes":""},"class_list":["post-82","page","type-page","status-publish","hentry","no-post-thumbnail"],"_links":{"self":[{"href":"https:\/\/mygalomorphes.xiapdesign.com\/index.php\/wp-json\/wp\/v2\/pages\/82","targetHints":{"allow":["GET"]}}],"collection":[{"href":"https:\/\/mygalomorphes.xiapdesign.com\/index.php\/wp-json\/wp\/v2\/pages"}],"about":[{"href":"https:\/\/mygalomorphes.xiapdesign.com\/index.php\/wp-json\/wp\/v2\/types\/page"}],"author":[{"embeddable":true,"href":"https:\/\/mygalomorphes.xiapdesign.com\/index.php\/wp-json\/wp\/v2\/users\/1"}],"replies":[{"embeddable":true,"href":"https:\/\/mygalomorphes.xiapdesign.com\/index.php\/wp-json\/wp\/v2\/comments?post=82"}],"version-history":[{"count":4,"href":"https:\/\/mygalomorphes.xiapdesign.com\/index.php\/wp-json\/wp\/v2\/pages\/82\/revisions"}],"predecessor-version":[{"id":89,"href":"https:\/\/mygalomorphes.xiapdesign.com\/index.php\/wp-json\/wp\/v2\/pages\/82\/revisions\/89"}],"wp:attachment":[{"href":"https:\/\/mygalomorphes.xiapdesign.com\/index.php\/wp-json\/wp\/v2\/media?parent=82"}],"curies":[{"name":"wp","href":"https:\/\/api.w.org\/{rel}","templated":true}]}}