{"id":77,"date":"2023-08-31T09:11:01","date_gmt":"2023-08-31T09:11:01","guid":{"rendered":"https:\/\/mygalomorphes.xiapdesign.com\/?page_id=77"},"modified":"2023-08-31T09:11:01","modified_gmt":"2023-08-31T09:11:01","slug":"les-ctenizidae","status":"publish","type":"page","link":"https:\/\/mygalomorphes.xiapdesign.com\/index.php\/les-ctenizidae\/","title":{"rendered":"Les Ctenizidae"},"content":{"rendered":"\n<h3 class=\"wp-block-heading\">I) Pr\u00e9sentation des\u00a0<em>Ctenizidae<\/em>\u00a0:<\/h3>\n\n\n<div class=\"wp-block-image\">\n<figure class=\"alignright size-full is-resized\"><img loading=\"lazy\" decoding=\"async\" src=\"https:\/\/mygalomorphes.xiapdesign.com\/wp-content\/uploads\/2023\/08\/NIDCTE_1.jpg\" alt=\"\" class=\"wp-image-78\" style=\"width:451px;height:331px\" width=\"451\" height=\"331\" srcset=\"https:\/\/mygalomorphes.xiapdesign.com\/wp-content\/uploads\/2023\/08\/NIDCTE_1.jpg 834w, https:\/\/mygalomorphes.xiapdesign.com\/wp-content\/uploads\/2023\/08\/NIDCTE_1-300x220.jpg 300w, https:\/\/mygalomorphes.xiapdesign.com\/wp-content\/uploads\/2023\/08\/NIDCTE_1-768x564.jpg 768w\" sizes=\"auto, (max-width: 451px) 100vw, 451px\" \/><figcaption class=\"wp-element-caption\">terrier de\u00a0<em>Cteniza sauvagesi\u00a0<\/em>(photo Emerit)<\/figcaption><\/figure>\n<\/div>\n\n\n<p>Les\u00a0<em>Ctenizidae<\/em>\u00a0sont \u00e9galement des araign\u00e9es massives pr\u00e9sentant de puissants crochets parall\u00e8les et des pattes courtes et robustes. Le dos du c\u00e9phalothorax porte dans sa partie arri\u00e8re une profonde fossette transverse. Ces araign\u00e9es poss\u00e8dent 4 fili\u00e8res. Elles se distinguent des\u00a0<em>Atypidae<\/em>\u00a0par l&rsquo;absence de lobes \u00e0 l&rsquo;extr\u00e9mit\u00e9 de leurs pattes-m\u00e2choires et de lames maxillaires et par une taille l\u00e9g\u00e8rement plus grande.\u00a0<br>Les\u00a0<em>Ctenizidae<\/em>\u00a0construisent un terrier cylindrique g\u00e9n\u00e9ralement profond, tapiss\u00e9 int\u00e9rieurement de soie blanche et pourvu d&rsquo;un opercule ext\u00e9rieur bien camoufl\u00e9 par divers mat\u00e9riaux emprunt\u00e9s au sol. Du fait de l&rsquo;essaimage terrestre les terriers sont nombreux et group\u00e9s.<\/p>\n\n\n\n<p>La ponte se fait dans le terrier. Les jeunes vivent longtemps avec la m\u00e8re dans le terrier, s&rsquo;y nourrissent, et ne se dispersent que progressivement, si bien que les quelques derniers restant atteignent la moiti\u00e9 de la taille adulte.\u00a0<br>Ces Mygales terricoles ont des moeurs nocturnes. Certaines chassent en soulevant l\u00e9g\u00e8rement l&rsquo;opercule de leur terrier en laissant passer leur premi\u00e8re paires de pattes \u00e9tendues vers l&rsquo;avant. Elles saisissent leurs proies lorsque celles-ci passent \u00e0 proximit\u00e9 imm\u00e9diate du terrier. D&rsquo;autres peuvent tendre des fils radiaires autour de l&rsquo;orifice du terrier, qui d\u00e9tectent les proies potentielles marchant dessus.<br>Les<em>\u00a0Cteniza\u00a0<\/em>fran\u00e7aises, lorqu&rsquo;elles sont soumises \u00e0 une forte chaleur et s\u00e9cheresse, se mettent en vie ralentie apr\u00e8s avoir scell\u00e9 l&rsquo;opercule.<br>Cette famille occupe les r\u00e9gions m\u00e9diterran\u00e9ennes.\u00a0<br>Elle regroupe 1 genres en France :\u00a0<br>&#8211;\u00a0<em>Cteniza<\/em>\u00a0se distingue de\u00a0<em>Nemesia<\/em>\u00a0par l&rsquo;orientation procurv\u00e9e de sa fossette c\u00e9phalothoracique. Le nom de Genre Cteniza signifierait\u00a0\u00bbpeigne\u00a0\u00bb ou \u00ab\u00a0r\u00e2teau\u00a0\u00bb (du grec\u00a0<em>Ctenos)<\/em>\u00a0ce qui serait \u00e0 mettre en relation avec la face ant\u00e9rieure de leurs ch\u00e9lic\u00e8res. Deux esp\u00e8ces se retrouvent en France :<\/p>\n\n\n<div class=\"wp-block-image\">\n<figure class=\"alignright size-large is-resized\"><img loading=\"lazy\" decoding=\"async\" src=\"https:\/\/mygalomorphes.xiapdesign.com\/wp-content\/uploads\/2023\/08\/Ctenezia-1024x653.jpg\" alt=\"\" class=\"wp-image-79\" style=\"width:275px;height:175px\" width=\"275\" height=\"175\" srcset=\"https:\/\/mygalomorphes.xiapdesign.com\/wp-content\/uploads\/2023\/08\/Ctenezia-1024x653.jpg 1024w, https:\/\/mygalomorphes.xiapdesign.com\/wp-content\/uploads\/2023\/08\/Ctenezia-300x191.jpg 300w, https:\/\/mygalomorphes.xiapdesign.com\/wp-content\/uploads\/2023\/08\/Ctenezia-768x490.jpg 768w, https:\/\/mygalomorphes.xiapdesign.com\/wp-content\/uploads\/2023\/08\/Ctenezia.jpg 1044w\" sizes=\"auto, (max-width: 275px) 100vw, 275px\" \/><figcaption class=\"wp-element-caption\"><em>Ctenizia sauvagesi\u00a0<\/em>(photo Emerit)<\/figcaption><\/figure>\n<\/div>\n\n\n<p><em><u>Cteniza sauvagesi\u00a0<\/u><\/em>:le corps est tr\u00e8s massif, de couleur brune. L&rsquo;habitat est install\u00e9 sur des talus, des ar\u00e8nes granitiques ou sur des sols calcaires. L&rsquo;accouplement se fait en automne et la ponte en juin dans le terrier. La taille de la femelle varie de 2,5 cm \u00e0 3 cm. Cette esp\u00e8ce ne se retrouve qu&rsquo;en Corse. \u00a0<\/p>\n\n\n\n<p><em><u>Cteniza mogriddgei&nbsp;<\/u><\/em>: pr\u00e9sente les m\u00eames caract\u00e9ristiques que&nbsp;<em>C.sauvagesi<\/em>&nbsp;, mais se distingue facilement par la taille de la femelle qui ne d\u00e9passe pas 1,8 cm. Cette esp\u00e8ce se retrouve dans les Alpes maritimes. Elle a \u00e9t\u00e9 observ\u00e9e en juin 2001 dans le Massif des Monges (Alpes-de-Haute-Provence) \u00e0 1400 m\u00e8tres d&rsquo;altitude par Fr\u00e9d\u00e9ric Leblanc.<\/p>\n\n\n\n<p>Si vous voulez en apprendre un peu plus, d\u00e9couvrez&nbsp;<a href=\"http:\/\/jean-marc.birat.pagesperso-orange.fr\/World%20Ctenezidae.html\">les Ctenizidae dans le monde<\/a>.<\/p>\n","protected":false},"excerpt":{"rendered":"<p>I) Pr\u00e9sentation des\u00a0Ctenizidae\u00a0: Les\u00a0Ctenizidae\u00a0sont \u00e9galement des araign\u00e9es massives pr\u00e9sentant de puissants crochets parall\u00e8les et des pattes courtes et robustes. Le dos du c\u00e9phalothorax porte dans sa partie arri\u00e8re une profonde fossette transverse. Ces araign\u00e9es poss\u00e8dent 4 fili\u00e8res. Elles se distinguent&#8230;<\/p>\n","protected":false},"author":1,"featured_media":0,"parent":0,"menu_order":0,"comment_status":"closed","ping_status":"closed","template":"","meta":{"footnotes":""},"class_list":["post-77","page","type-page","status-publish","hentry","no-post-thumbnail"],"_links":{"self":[{"href":"https:\/\/mygalomorphes.xiapdesign.com\/index.php\/wp-json\/wp\/v2\/pages\/77","targetHints":{"allow":["GET"]}}],"collection":[{"href":"https:\/\/mygalomorphes.xiapdesign.com\/index.php\/wp-json\/wp\/v2\/pages"}],"about":[{"href":"https:\/\/mygalomorphes.xiapdesign.com\/index.php\/wp-json\/wp\/v2\/types\/page"}],"author":[{"embeddable":true,"href":"https:\/\/mygalomorphes.xiapdesign.com\/index.php\/wp-json\/wp\/v2\/users\/1"}],"replies":[{"embeddable":true,"href":"https:\/\/mygalomorphes.xiapdesign.com\/index.php\/wp-json\/wp\/v2\/comments?post=77"}],"version-history":[{"count":1,"href":"https:\/\/mygalomorphes.xiapdesign.com\/index.php\/wp-json\/wp\/v2\/pages\/77\/revisions"}],"predecessor-version":[{"id":80,"href":"https:\/\/mygalomorphes.xiapdesign.com\/index.php\/wp-json\/wp\/v2\/pages\/77\/revisions\/80"}],"wp:attachment":[{"href":"https:\/\/mygalomorphes.xiapdesign.com\/index.php\/wp-json\/wp\/v2\/media?parent=77"}],"curies":[{"name":"wp","href":"https:\/\/api.w.org\/{rel}","templated":true}]}}