{"id":50,"date":"2023-08-31T08:20:03","date_gmt":"2023-08-31T08:20:03","guid":{"rendered":"https:\/\/mygalomorphes.xiapdesign.com\/?page_id=50"},"modified":"2023-08-31T08:20:03","modified_gmt":"2023-08-31T08:20:03","slug":"arbre-phylogenetique-des-mygalomorphes","status":"publish","type":"page","link":"https:\/\/mygalomorphes.xiapdesign.com\/index.php\/arbre-phylogenetique-des-mygalomorphes\/","title":{"rendered":"Arbre phylog\u00e9n\u00e9tique des Mygalomorphes"},"content":{"rendered":"\n<figure class=\"wp-block-image size-large\"><img loading=\"lazy\" decoding=\"async\" width=\"1024\" height=\"973\" src=\"https:\/\/mygalomorphes.xiapdesign.com\/wp-content\/uploads\/2023\/08\/Capture-decran-2023-08-31-a-10.16.00-1024x973.png\" alt=\"\" class=\"wp-image-53\" srcset=\"https:\/\/mygalomorphes.xiapdesign.com\/wp-content\/uploads\/2023\/08\/Capture-decran-2023-08-31-a-10.16.00-1024x973.png 1024w, https:\/\/mygalomorphes.xiapdesign.com\/wp-content\/uploads\/2023\/08\/Capture-decran-2023-08-31-a-10.16.00-300x285.png 300w, https:\/\/mygalomorphes.xiapdesign.com\/wp-content\/uploads\/2023\/08\/Capture-decran-2023-08-31-a-10.16.00-768x730.png 768w, https:\/\/mygalomorphes.xiapdesign.com\/wp-content\/uploads\/2023\/08\/Capture-decran-2023-08-31-a-10.16.00.png 1202w\" sizes=\"auto, (max-width: 1024px) 100vw, 1024px\" \/><\/figure>\n\n\n\n<p>Les Universit\u00e9s am\u00e9ricaines San Diego State et de East Carolina se sont lanc\u00e9es dans des gros travaux de recherche sur les Mygalomorphes, notamment en mettant l&rsquo;accent sur la Phylog\u00e9nie des diff\u00e9rentes Esp\u00e8ces.\u00a0Consultez l&rsquo;arbre phylog\u00e9n\u00e9tique \u00e9tabli par ces 2 Universit\u00e9s :<\/p>\n\n\n\n<figure class=\"wp-block-gallery has-nested-images columns-default is-cropped wp-block-gallery-1 is-layout-flex wp-block-gallery-is-layout-flex\">\n<figure class=\"wp-block-image size-large\"><img loading=\"lazy\" decoding=\"async\" width=\"332\" height=\"669\" data-id=\"54\" src=\"https:\/\/mygalomorphes.xiapdesign.com\/wp-content\/uploads\/2023\/08\/sample1.jpg\" alt=\"\" class=\"wp-image-54\" srcset=\"https:\/\/mygalomorphes.xiapdesign.com\/wp-content\/uploads\/2023\/08\/sample1.jpg 332w, https:\/\/mygalomorphes.xiapdesign.com\/wp-content\/uploads\/2023\/08\/sample1-149x300.jpg 149w\" sizes=\"auto, (max-width: 332px) 100vw, 332px\" \/><\/figure>\n\n\n\n<figure class=\"wp-block-image size-large\"><img loading=\"lazy\" decoding=\"async\" width=\"377\" height=\"654\" data-id=\"55\" src=\"https:\/\/mygalomorphes.xiapdesign.com\/wp-content\/uploads\/2023\/08\/sample2.jpg\" alt=\"\" class=\"wp-image-55\" srcset=\"https:\/\/mygalomorphes.xiapdesign.com\/wp-content\/uploads\/2023\/08\/sample2.jpg 377w, https:\/\/mygalomorphes.xiapdesign.com\/wp-content\/uploads\/2023\/08\/sample2-173x300.jpg 173w\" sizes=\"auto, (max-width: 377px) 100vw, 377px\" \/><\/figure>\n<\/figure>\n","protected":false},"excerpt":{"rendered":"<p>Les Universit\u00e9s am\u00e9ricaines San Diego State et de East Carolina se sont lanc\u00e9es dans des gros travaux de recherche sur les Mygalomorphes, notamment en mettant l&rsquo;accent sur la Phylog\u00e9nie des diff\u00e9rentes Esp\u00e8ces.\u00a0Consultez l&rsquo;arbre phylog\u00e9n\u00e9tique \u00e9tabli par ces 2 Universit\u00e9s :<\/p>\n","protected":false},"author":1,"featured_media":0,"parent":0,"menu_order":0,"comment_status":"closed","ping_status":"closed","template":"","meta":{"footnotes":""},"class_list":["post-50","page","type-page","status-publish","hentry","no-post-thumbnail"],"_links":{"self":[{"href":"https:\/\/mygalomorphes.xiapdesign.com\/index.php\/wp-json\/wp\/v2\/pages\/50","targetHints":{"allow":["GET"]}}],"collection":[{"href":"https:\/\/mygalomorphes.xiapdesign.com\/index.php\/wp-json\/wp\/v2\/pages"}],"about":[{"href":"https:\/\/mygalomorphes.xiapdesign.com\/index.php\/wp-json\/wp\/v2\/types\/page"}],"author":[{"embeddable":true,"href":"https:\/\/mygalomorphes.xiapdesign.com\/index.php\/wp-json\/wp\/v2\/users\/1"}],"replies":[{"embeddable":true,"href":"https:\/\/mygalomorphes.xiapdesign.com\/index.php\/wp-json\/wp\/v2\/comments?post=50"}],"version-history":[{"count":2,"href":"https:\/\/mygalomorphes.xiapdesign.com\/index.php\/wp-json\/wp\/v2\/pages\/50\/revisions"}],"predecessor-version":[{"id":56,"href":"https:\/\/mygalomorphes.xiapdesign.com\/index.php\/wp-json\/wp\/v2\/pages\/50\/revisions\/56"}],"wp:attachment":[{"href":"https:\/\/mygalomorphes.xiapdesign.com\/index.php\/wp-json\/wp\/v2\/media?parent=50"}],"curies":[{"name":"wp","href":"https:\/\/api.w.org\/{rel}","templated":true}]}}