{"id":11,"date":"2023-08-31T06:58:16","date_gmt":"2023-08-31T06:58:16","guid":{"rendered":"https:\/\/mygalomorphes.xiapdesign.com\/?page_id=11"},"modified":"2023-08-31T10:16:43","modified_gmt":"2023-08-31T10:16:43","slug":"accueil","status":"publish","type":"page","link":"https:\/\/mygalomorphes.xiapdesign.com\/","title":{"rendered":"Accueil"},"content":{"rendered":"\n<h2 class=\"wp-block-heading\"><strong>I) Introduction aux Mygalomorphes<\/strong><\/h2>\n\n\n\n<p>Position des Mygalomorphes dans le r\u00e8gne animal :<\/p>\n\n\n\n<figure class=\"wp-block-table\"><table><tbody><tr><td><strong>EMBRANCHEMENT<\/strong><\/td><td>Arthropodes<\/td><\/tr><tr><td><strong>SOUS-EMBRANCHEMENT<\/strong><\/td><td>Ch\u00e9lic\u00e9rates<\/td><\/tr><tr><td><strong>CLASSE<\/strong><\/td><td>Arachnides<\/td><\/tr><tr><td><strong>ORDRE<\/strong><\/td><td>Araign\u00e9es<\/td><\/tr><tr><td><strong>SOUS-ORDRE<\/strong><\/td><td>Mygalomorphes<\/td><\/tr><\/tbody><\/table><\/figure>\n\n\n\n<p>Les Mygalomorphes regroupent 15 familles comprenant actuellement 301 genres et 2456 esp\u00e8ces. Il s&rsquo;agit d&rsquo;un groupe tr\u00e8s restreint au sein de l&rsquo;ordre des Araign\u00e9es puisque les Aran\u00e9omorphes forment 90 familles pour 32000 esp\u00e8ces.<br>Les Mygalomorphes sont des araign\u00e9es primitives dont les origines remontent \u00e0 l&rsquo;\u00e8re primaire (400 millions d&rsquo;ann\u00e9es, D\u00e9vonien). Ils se distinguent principalement des Aran\u00e9omorphes par des ch\u00e9lic\u00e8res parall\u00e8les et tr\u00e8s d\u00e9velopp\u00e9s et par un corps tr\u00e8s massif (=&gt;&nbsp;Voir&nbsp;<a href=\"https:\/\/mygalomorphes.xiapdesign.com\/index.php\/plan-dorganisation-des-mygalomorphes\/\">plan d&rsquo;organisation<\/a>&nbsp;d&rsquo;une Mygale)<\/p>\n\n\n\n<figure class=\"wp-block-gallery aligncenter has-nested-images columns-default is-cropped wp-block-gallery-1 is-layout-flex wp-block-gallery-is-layout-flex\">\n<figure class=\"wp-block-image size-large\"><img loading=\"lazy\" decoding=\"async\" width=\"200\" height=\"279\" data-id=\"13\" src=\"https:\/\/mygalomorphes.xiapdesign.com\/wp-content\/uploads\/2023\/08\/modern_spider_claws.jpg\" alt=\"\" class=\"wp-image-13\"\/><figcaption class=\"wp-element-caption\">Ch\u00e9lic\u00e8res de Mygalomorphes <\/figcaption><\/figure>\n\n\n\n<figure class=\"wp-block-image size-large\"><img loading=\"lazy\" decoding=\"async\" width=\"200\" height=\"328\" data-id=\"14\" src=\"https:\/\/mygalomorphes.xiapdesign.com\/wp-content\/uploads\/2023\/08\/primitive_spider_claws.jpg\" alt=\"\" class=\"wp-image-14\" srcset=\"https:\/\/mygalomorphes.xiapdesign.com\/wp-content\/uploads\/2023\/08\/primitive_spider_claws.jpg 200w, https:\/\/mygalomorphes.xiapdesign.com\/wp-content\/uploads\/2023\/08\/primitive_spider_claws-183x300.jpg 183w\" sizes=\"auto, (max-width: 200px) 100vw, 200px\" \/><figcaption class=\"wp-element-caption\">Ch\u00e9lic\u00e8res d&rsquo;Aran\u00e9omorphes<\/figcaption><\/figure>\n<\/figure>\n\n\n\n<p class=\"has-text-align-center\">&nbsp;           <\/p>\n\n\n\n<p>Les Mygalomorphes les plus connus appartiennent \u00e0 la famille desTheraphosidae. Ils repr\u00e9sentent les sp\u00e9cimens les plus grands \u00e0 l&rsquo;image deTheraphosa blondi. N\u00e9anmoins, il existe bien d&rsquo;autres familles , qui sont toutes aussi fascinantes comme les <em>Mecicobothriidae, Microstigmatidae, Hexathelidae, Dipluridae, Nemesiidae, Barychelidae, Paratropididae, Atypidae, Antrodiaetidae, Cyrtaucheniidae, Idiopidae, Ctenizidae, Actinopodidae<\/em> ou les <em>Migidae<\/em>.<\/p>\n\n\n\n<p>Vous pouvez d\u00e9couvrir les parent\u00e9s g\u00e9n\u00e9tiques entre les diff\u00e9rentes familles de Mygalomorphes en consultant :&nbsp;<a href=\"https:\/\/mygalomorphes.xiapdesign.com\/index.php\/arbre-phylogenetique-des-mygalomorphes\/\" data-type=\"link\" data-id=\"https:\/\/mygalomorphes.xiapdesign.com\/index.php\/arbre-phylogenetique-des-mygalomorphes\/\">l&rsquo;arbre phylog\u00e9n\u00e9tique<\/a>&nbsp;du sous-ordre des Mygalomorphes.<\/p>\n\n\n\n<h2 class=\"wp-block-heading\"><strong>II)Les Mygalomorphes fran\u00e7ais<\/strong><\/h2>\n\n\n\n<p>On peut ainsi trouver en France des Mygalomorphes en milieu naturel. On retrouve en France de 18 \u00e0 20 esp\u00e8ces de Mygalomorphes (celon que l&rsquo;on admette la pr\u00e9sence d&rsquo;<em>A. muralis et d&rsquo;A. piceus<\/em>&nbsp;ou pas) divis\u00e9es en 3 familles :<\/p>\n\n\n\n<ul class=\"wp-block-list\">\n<li><a href=\"https:\/\/mygalomorphes.xiapdesign.com\/index.php\/les-atypidae\/\" data-type=\"link\" data-id=\"https:\/\/mygalomorphes.xiapdesign.com\/index.php\/les-atypidae\/\">les&nbsp;<em>Atypidae<\/em><\/a><\/li>\n\n\n\n<li><a href=\"https:\/\/mygalomorphes.xiapdesign.com\/index.php\/les-ctenizidae\/\" data-type=\"link\" data-id=\"https:\/\/mygalomorphes.xiapdesign.com\/index.php\/les-ctenizidae\/\">les&nbsp;<em>Ctenizidae<\/em><\/a><\/li>\n\n\n\n<li><a href=\"https:\/\/mygalomorphes.xiapdesign.com\/index.php\/les-nemesiidae\/\">les&nbsp;<em>Nemesiidae<\/em><\/a><\/li>\n\n\n\n<li><a href=\"https:\/\/mygalomorphes.xiapdesign.com\/index.php\/stations-datypus-sp-en-lorraine\/\">Les stations d&rsquo;<em>Atypus affinis<\/em>&nbsp;en Lorraine<\/a><\/li>\n\n\n\n<li><a href=\"https:\/\/mygalomorphes.xiapdesign.com\/index.php\/observations-datypus-affinis-en-region-lorraine\/\">Observations d&rsquo;<em>Atypus affinis&nbsp;<\/em>en r\u00e9gion Lorraine<\/a><\/li>\n\n\n\n<li><a href=\"https:\/\/mygalomorphes.xiapdesign.com\/index.php\/observations-datypus-affinis-dans-le-departement-de-la-creuse\/\">Observations d&rsquo;<em>Atypus affinis<\/em>&nbsp;dans le d\u00e9partement de la Creuse<\/a><\/li>\n\n\n\n<li><a href=\"https:\/\/mygalomorphes.xiapdesign.com\/index.php\/etude-sur-2-populations-datypus-affinis-sur-2-milieux-contrastes\/\" data-type=\"link\" data-id=\"https:\/\/mygalomorphes.xiapdesign.com\/index.php\/2023\/08\/31\/etude-sur-2-populations-datypus-affinis-sur-2-milieux-contrastes\/\">Compte-rendu d&rsquo;une \u00e9tude sur 2 populations d&rsquo;<em>Atypus affinis<\/em>\u00a0sur 2 milieux contrast\u00e9s (pelouse calcaire et for\u00eat)<\/a><\/li>\n\n\n\n<li><a href=\"https:\/\/mygalomorphes.xiapdesign.com\/index.php\/2023\/08\/31\/article-sur-des-observations-datypus-affinis-en-moselle\/\" data-type=\"link\" data-id=\"https:\/\/mygalomorphes.xiapdesign.com\/index.php\/2023\/08\/31\/article-sur-des-observations-datypus-affinis-en-moselle\/\">Article sur des observations d&rsquo;<em>Atypus affinis<\/em>&nbsp;en Moselle.<\/a><\/li>\n<\/ul>\n\n\n\n<p>Ce site \u00e0 \u00e9galement pour but de vous pr\u00e9senter les autres familles de Mygalomorphes.<\/p>\n\n\n\n<h2 class=\"wp-block-heading\"><strong>III) Les Mygalomorphes dans le monde<\/strong><\/h2>\n\n\n\n<p>Cette rubrique a pour but de vous pr\u00e9senter les autres repr\u00e9sentant des familles de Mygalomorphes fran\u00e7ais mais aussi les autres familles de Mygalomorphes.<\/p>\n\n\n\n<ul class=\"wp-block-list\">\n<li><a href=\"http:\/\/jean-marc.birat.pagesperso-orange.fr\/World%20Ctenezidae.html\"><u>Les<em>&nbsp;Ctenizidae&nbsp;<\/em>dans le monde<\/u><\/a><\/li>\n\n\n\n<li><a><\/a><a href=\"http:\/\/jean-marc.birat.pagesperso-orange.fr\/world%20atypus.html\"><u>Les&nbsp;<em>Atypidae<\/em>&nbsp;dans le monde<\/u><\/a><\/li>\n\n\n\n<li><a><\/a><a href=\"http:\/\/jean-marc.birat.pagesperso-orange.fr\/world%20nemesia.html\"><u>Les&nbsp;<em>Nemesiidae<\/em>&nbsp;dans le monde<\/u><\/a><\/li>\n\n\n\n<li><a><\/a><a href=\"http:\/\/jean-marc.birat.pagesperso-orange.fr\/page%20antrodiaetidae.html\">Les&nbsp;<em>Antrodiaetidae<\/em><\/a><\/li>\n\n\n\n<li><a><\/a><a href=\"http:\/\/jean-marc.birat.pagesperso-orange.fr\/Pagedipluridae.html\"><u>Les<em>&nbsp;Dipluridae<\/em><\/u><\/a><\/li>\n\n\n\n<li><a><\/a><a href=\"http:\/\/jean-marc.birat.pagesperso-orange.fr\/Page%20hexathelidae.html\"><u>Les&nbsp;<em>Hexathelidae<\/em><\/u><\/a><\/li>\n\n\n\n<li><a><\/a><a href=\"http:\/\/jean-marc.birat.pagesperso-orange.fr\/Page%20migidae.html\"><u>Les&nbsp;<em>Migidae<\/em><\/u><\/a><\/li>\n\n\n\n<li><a><\/a><a href=\"http:\/\/jean-marc.birat.pagesperso-orange.fr\/Page%20Actinopodidae.html\"><u>Les&nbsp;<em>Actinopodidae<\/em><\/u><\/a><\/li>\n\n\n\n<li><a><\/a><a href=\"http:\/\/jean-marc.birat.pagesperso-orange.fr\/Page%20Barychelidae.html\"><u>Les&nbsp;<em>Barychelidae<\/em><\/u><\/a><\/li>\n\n\n\n<li><a><\/a><a href=\"http:\/\/jean-marc.birat.pagesperso-orange.fr\/Page%20Mecicobothriidae.html\"><u>Les&nbsp;<em>Mecicobothriidae<\/em><\/u><\/a><\/li>\n\n\n\n<li><a><\/a><a href=\"http:\/\/jean-marc.birat.pagesperso-orange.fr\/Page%20idiopidae.html\"><u>Les&nbsp;<em>Idiopidae<\/em><\/u><\/a><\/li>\n\n\n\n<li><a><\/a><a href=\"http:\/\/jean-marc.birat.pagesperso-orange.fr\/Page%20Cyrtaucheniidae.html\">Les&nbsp;<em>Cyrtaucheniidae<\/em><\/a><\/li>\n\n\n\n<li><a><\/a><a href=\"http:\/\/jean-marc.birat.pagesperso-orange.fr\/Page%20Paratropididae.html\">Les<em>&nbsp;Paratropididae<\/em><\/a><\/li>\n<\/ul>\n\n\n\n<h2 class=\"wp-block-heading\"><strong>IV) Lesgu\u00eapes chasseresses : pr\u00e9dateurs de Mygales terricoles<\/strong><\/h2>\n\n\n\n<p>Les gu\u00eapes chasseresses, appartenant \u00e0 l&rsquo;ordre des Hym\u00e9nopt\u00e8res, sont de retoutables pr\u00e9dateurs pour certains Mygalomorphes fran\u00e7ais. En effet, certaines esp\u00e8ces ne chassent que des Mygales terricoles. Nous classerons ces pr\u00e9dateurs en deux cat\u00e9gories en fonction du type de proie :<\/p>\n\n\n\n<ul class=\"wp-block-list\">\n<li><a href=\"http:\/\/jean-marc.birat.pagesperso-orange.fr\/Pompilidae1.html\">Pr\u00e9dateurs de&nbsp;<em>Cteniza sauvagesi, Nemesia carminans, Nemesia caementaria<\/em><\/a><\/li>\n\n\n\n<li><a href=\"http:\/\/jean-marc.birat.pagesperso-orange.fr\/Pompilidae2.html\">Pr\u00e9dateurs de&nbsp;<em>Nemesia mandersjernae, Nemesia simoni, Nemesia carminans<\/em><\/a><\/li>\n<\/ul>\n\n\n\n<h2 class=\"wp-block-heading\"><strong>V) Les M\u00e9soth\u00e8les : des animaux oubli\u00e9s<\/strong><\/h2>\n\n\n\n<p>Le sous-ordre des M\u00e9soth\u00e8les est l&rsquo;un des trois sous-ordres dans l&rsquo;ordre des Araign\u00e9es (avec les Mygalomorphes et les Aran\u00e9omorphes). Ces Araign\u00e9es, tout comme les Mygalomorphes, appartiennent au groupe des Orthognathes (ch\u00e9lic\u00e8res parall\u00e8les \u00e0 l&rsquo;axe du corps). On ne trouve qu&rsquo;une seule famille parmie les M\u00e9soth\u00e8les : Les&nbsp;<em>Liphistiidae<\/em>. Les esp\u00e8ces de cette famille sont r\u00e9parties en deux Genres :&nbsp;<em>Liphistius<\/em>&nbsp;et&nbsp;<em>Heptathela<\/em>. On ne les retrouve que dans les pays d&rsquo;Extr\u00eame-Orient (comme la Malaisie, la Chine, Ta\u00efwan&#8230;).<\/p>\n\n\n\n<p>Ces araign\u00e9es sont primitives. En effet, elles pr\u00e9sentent encore des traces de m\u00e9tam\u00e9risation au niveau de l&rsquo;abdomen. Elles ont \u00e9galement la particularit\u00e9 d&rsquo;avoir leurs fili\u00e8res plac\u00e9es au milieu de leur abdomen.&nbsp;<br>La taille d&rsquo;un individu adulte se situe entre 3 et 4 cm.<\/p>\n\n\n\n<p>Les&nbsp;<em>Liphistiidae&nbsp;<\/em>sont des esp\u00e8ces cavernicoles. Ils creusent des terriers, de profondeur et de largeur variable, qu&rsquo;ils couvrent de soie, tout comme les&nbsp;<em>Nemesiidae&nbsp;<\/em>et les&nbsp;<em>Ctenizidae<\/em>. Le terrier est referm\u00e9 par un opercule muni d&rsquo;une charni\u00e8re. Ce convercle de terre et de soie est couvert de mousse \u00e0 l&rsquo;ext\u00e9rieur afin de dissimuler l&rsquo;entr\u00e9e du repaire de l&rsquo;araign\u00e9e. La face interne de l&rsquo;opercule est munie de deux petits trous, qui permettent au M\u00e9soth\u00e8le de passer ses pattes pour maintenir la fermeture absolue de son terrier en s&rsquo;arc-boutant \u00e0 l&rsquo;int\u00e9rieur.<\/p>\n\n\n\n<figure class=\"wp-block-gallery has-nested-images columns-default is-cropped wp-block-gallery-2 is-layout-flex wp-block-gallery-is-layout-flex\">\n<figure class=\"wp-block-image size-large\"><img loading=\"lazy\" decoding=\"async\" width=\"591\" height=\"444\" data-id=\"71\" src=\"https:\/\/mygalomorphes.xiapdesign.com\/wp-content\/uploads\/2023\/08\/Mesothele-1.jpg\" alt=\"\" class=\"wp-image-71\" srcset=\"https:\/\/mygalomorphes.xiapdesign.com\/wp-content\/uploads\/2023\/08\/Mesothele-1.jpg 591w, https:\/\/mygalomorphes.xiapdesign.com\/wp-content\/uploads\/2023\/08\/Mesothele-1-300x225.jpg 300w\" sizes=\"auto, (max-width: 591px) 100vw, 591px\" \/><figcaption class=\"wp-element-caption\"><em>Liphistius batuensis<\/em><\/figcaption><\/figure>\n\n\n\n<figure class=\"wp-block-image size-large\"><img loading=\"lazy\" decoding=\"async\" width=\"226\" height=\"156\" data-id=\"69\" src=\"https:\/\/mygalomorphes.xiapdesign.com\/wp-content\/uploads\/2023\/08\/Liphistius-desultor-1.jpg\" alt=\"\" class=\"wp-image-69\"\/><figcaption class=\"wp-element-caption\"><em>Liphistius desultor<\/em><\/figcaption><\/figure>\n\n\n\n<figure class=\"wp-block-image size-large\"><img loading=\"lazy\" decoding=\"async\" width=\"346\" height=\"350\" data-id=\"70\" src=\"https:\/\/mygalomorphes.xiapdesign.com\/wp-content\/uploads\/2023\/08\/liphistius-sp-1.jpg\" alt=\"\" class=\"wp-image-70\" srcset=\"https:\/\/mygalomorphes.xiapdesign.com\/wp-content\/uploads\/2023\/08\/liphistius-sp-1.jpg 346w, https:\/\/mygalomorphes.xiapdesign.com\/wp-content\/uploads\/2023\/08\/liphistius-sp-1-297x300.jpg 297w\" sizes=\"auto, (max-width: 346px) 100vw, 346px\" \/><figcaption class=\"wp-element-caption\"><em>Liphistius sp.<\/em><\/figcaption><\/figure>\n<\/figure>\n\n\n\n<h2 class=\"wp-block-heading\"><strong><u>VI) Les Galeries de photos<\/u><\/strong><\/h2>\n\n\n\n<p>Vous pouvez d\u00e9couvrir dans cette rubrique de nouvelles photos sur les diff\u00e9rentes familles de Mygalomorphes :<\/p>\n\n\n\n<ul class=\"wp-block-list\">\n<li><a href=\"http:\/\/jean-marc.birat.pagesperso-orange.fr\/GalerieAtypidae.html\">Galerie des&nbsp;<em>Atypidae<\/em><\/a><\/li>\n\n\n\n<li><a><\/a><a href=\"http:\/\/jean-marc.birat.pagesperso-orange.fr\/galeriecteniz2.html\">Galerie des&nbsp;<em>Ctenizidae<\/em><\/a><\/li>\n\n\n\n<li><a><\/a><a href=\"http:\/\/jean-marc.birat.pagesperso-orange.fr\/galeriehexathel.html\">Galerie des&nbsp;<em>Hexathelidae<\/em><\/a><\/li>\n\n\n\n<li><a><\/a><a href=\"http:\/\/jean-marc.birat.pagesperso-orange.fr\/Galerie%20barych.html\">Galerie des&nbsp;<em>Barychelidae<\/em><\/a><\/li>\n\n\n\n<li><a><\/a><a href=\"http:\/\/jean-marc.birat.pagesperso-orange.fr\/Galerie%20Actino.html\">Galerie des&nbsp;<em>Actinopodidae<\/em><\/a><\/li>\n<\/ul>\n\n\n\n<h2 class=\"wp-block-heading\"><strong>VII) <strong>Bibliographie<\/strong><\/strong><\/h2>\n\n\n\n<p>Je vous pr\u00e9sente dans cette rubrique toute la <a href=\"https:\/\/mygalomorphes.xiapdesign.com\/index.php\/les-atypidae\/\" data-type=\"page\" data-id=\"59\">bibliographie<\/a> qui m&rsquo;a aid\u00e9 \u00e0 contruire ce site.<\/p>\n\n\n\n<h2 class=\"wp-block-heading\"><strong>VIII) Contact<\/strong><\/h2>\n\n\n\n<p>Si vous aussi vous \u00eates int\u00e9ress\u00e9 par le sujet, si vous souhaitez \u00e9changer des informations sur le sujet, vous pouvez contacter Jean-Marc <a href=\"http:\/\/www\">ici<\/a>.<\/p>\n","protected":false},"excerpt":{"rendered":"<p>I) Introduction aux Mygalomorphes Position des Mygalomorphes dans le r\u00e8gne animal : EMBRANCHEMENT Arthropodes SOUS-EMBRANCHEMENT Ch\u00e9lic\u00e9rates CLASSE Arachnides ORDRE Araign\u00e9es SOUS-ORDRE Mygalomorphes Les Mygalomorphes regroupent 15 familles comprenant actuellement 301 genres et 2456 esp\u00e8ces. Il s&rsquo;agit d&rsquo;un groupe tr\u00e8s restreint&#8230;<\/p>\n","protected":false},"author":1,"featured_media":0,"parent":0,"menu_order":0,"comment_status":"closed","ping_status":"closed","template":"","meta":{"footnotes":""},"class_list":["post-11","page","type-page","status-publish","hentry","no-post-thumbnail"],"_links":{"self":[{"href":"https:\/\/mygalomorphes.xiapdesign.com\/index.php\/wp-json\/wp\/v2\/pages\/11","targetHints":{"allow":["GET"]}}],"collection":[{"href":"https:\/\/mygalomorphes.xiapdesign.com\/index.php\/wp-json\/wp\/v2\/pages"}],"about":[{"href":"https:\/\/mygalomorphes.xiapdesign.com\/index.php\/wp-json\/wp\/v2\/types\/page"}],"author":[{"embeddable":true,"href":"https:\/\/mygalomorphes.xiapdesign.com\/index.php\/wp-json\/wp\/v2\/users\/1"}],"replies":[{"embeddable":true,"href":"https:\/\/mygalomorphes.xiapdesign.com\/index.php\/wp-json\/wp\/v2\/comments?post=11"}],"version-history":[{"count":30,"href":"https:\/\/mygalomorphes.xiapdesign.com\/index.php\/wp-json\/wp\/v2\/pages\/11\/revisions"}],"predecessor-version":[{"id":125,"href":"https:\/\/mygalomorphes.xiapdesign.com\/index.php\/wp-json\/wp\/v2\/pages\/11\/revisions\/125"}],"wp:attachment":[{"href":"https:\/\/mygalomorphes.xiapdesign.com\/index.php\/wp-json\/wp\/v2\/media?parent=11"}],"curies":[{"name":"wp","href":"https:\/\/api.w.org\/{rel}","templated":true}]}}