{"id":100,"date":"2023-08-31T09:36:05","date_gmt":"2023-08-31T09:36:05","guid":{"rendered":"https:\/\/mygalomorphes.xiapdesign.com\/?page_id=100"},"modified":"2023-08-31T09:36:05","modified_gmt":"2023-08-31T09:36:05","slug":"observations-datypus-affinis-en-region-lorraine","status":"publish","type":"page","link":"https:\/\/mygalomorphes.xiapdesign.com\/index.php\/observations-datypus-affinis-en-region-lorraine\/","title":{"rendered":"Observations d\u2019Atypus affinis\u00a0en r\u00e9gion Lorraine"},"content":{"rendered":"\n<h3 class=\"wp-block-heading\">Observations sur&nbsp;<em>Atypus affinis&nbsp;<\/em>(<em>Mygalomorphae<\/em>,&nbsp;<em>Atypidae<\/em>)<em>&nbsp;<\/em>Eichwald, 1830 en r\u00e9gion Lorraine<em>.<\/em><\/h3>\n\n\n\n<p>Dans le cadre d&rsquo;un travail de recherche de licence de biologie, sur les Mygalomorphes, nous avons cherch\u00e9 \u00e0 observer et recueillir des individus d&rsquo;<em>Atypus affinis&nbsp;<\/em>sur le terrain dans diff\u00e9rentes zones de la r\u00e9gion Lorraine o\u00f9 nous \u00e9tions susceptibles de les trouver. Ces recherches ce sont d\u00e9roul\u00e9es entre la derni\u00e8re semaine du mois de Mai et la premi\u00e8re semaine du mois de Juin. Nous nous sommes d&rsquo;abord rendus dans les Vosges \u00e0 proximit\u00e9 de la commune de Vexaincourt, situ\u00e9e dans le massif du Donon, sur les conseils de Mr Gu\u00e9rold, le professeur nous supervisant sur nos recherches, qui avait d\u00e9j\u00e0 observ\u00e9 cette esp\u00e8ce dans la r\u00e9gion. Nous avons \u00e9galement effectu\u00e9 des recherches sur les plateaux calcaires et les pentes des versants sud au alentours de Gorze, \u00e0 20 km au Sud de Metz, mais aussi sur les pelouses calcaires d&rsquo;Arnaville, \u00e0 25 km au Sud de Metz. Nous avons trouv\u00e9 des terriers et des sp\u00e9cimens d&rsquo;<em>Atypus affinis<\/em>&nbsp;dans les Vosges et sur les pelouses calcaires mais nos recherches sur la commune de Gorze n&rsquo;ont rien donn\u00e9.<br>La<em>&nbsp;<\/em>zone de prospection dans les Vosges, situ\u00e9e sur un versant sud de nature argilo-sablonneuse, \u00e9tait longue d&rsquo;environ 3 km. Apr\u00e8s 3 heures de recherches nous avons trouv\u00e9 un site colonis\u00e9 par&nbsp;<em>Atypus affinis<\/em>, situ\u00e9 \u00e0 la moiti\u00e9 de la zone de prospection. L&rsquo;ensoleillement \u00e9tait d&rsquo;environ 30%.&nbsp;<br>Le site regroupait 31 terriers dans un p\u00e9rim\u00e8tre de 1,50*2,70m. Bien que rapproch\u00e9es, les chaussettes nous ont sembl\u00e9 avoir une r\u00e9partition al\u00e9atoire. Le site \u00e9tait recouvert d&rsquo;une v\u00e9g\u00e9tation de mousse recouvrant environ 90% de la surface du site et de nombreuses racines du \u00e0 la pr\u00e9sence d&rsquo;un grand ch\u00eane en haut du coteau. Le temps pour d\u00e9terrer une chaussette enti\u00e8re varie entre 15 et 20 min en fonction de sa taille et de la pr\u00e9sence d&rsquo;obstacles comme des racines ou des cailloux. La partie externe des toiles variait de 3 \u00e0 9 cm pour des longueurs totales allant de 8 \u00e0 24 cm pour la plus grande. La partie externe est toujours recouverte de d\u00e9bris v\u00e9g\u00e9taux et de terre et pend le long de la pente . La partie interne se termine le plus souvent \u00e0 proximit\u00e9 d&rsquo;une racine.&nbsp;<br>Nous avons r\u00e9ussi \u00e0 extraire 4 sp\u00e9cimens d&rsquo;<em>Atypus affinis.&nbsp;<\/em>Ils ont \u00e9t\u00e9 \u00e0 chaque fois d\u00e9couverts au fond du tube, repli\u00e9s sur eux-m\u00eames.<\/p>\n\n\n\n<figure class=\"wp-block-table\"><table><tbody><tr><td><strong>Sp\u00e9cimen<\/strong><\/td><td><strong>Taille de l&rsquo;individu( sans les pattes, en cm.)<\/strong><\/td><\/tr><tr><td>1<\/td><td>0,8<\/td><\/tr><tr><td>2<\/td><td>1,8<\/td><\/tr><tr><td>3<\/td><td>&nbsp;0,7<\/td><\/tr><tr><td>4<\/td><td>&nbsp;2,1<\/td><\/tr><\/tbody><\/table><\/figure>\n\n\n\n<p>A l&rsquo;observation de la morphologie des 4 individus, nous avons conclu qu&rsquo;il s&rsquo;agissait de 4 femelles. En effet, leur abdomen est massif et leurs pattes sont courtes .&nbsp;<br>Nous avons ensuite commenc\u00e9 \u00e0 les \u00e9lever. Les individus 1 et 3 ont \u00e9t\u00e9 plac\u00e9s ensemble dans une boite de 9*5*6 cm rempli au 2\/3 de terre r\u00e9cup\u00e9r\u00e9e sur le site lui-m\u00eame. Les deux plus gros sp\u00e9cimens ont \u00e9t\u00e9 plac\u00e9s dans de grands bocaux de 15 cm de hauteur et de 9 cm de diam\u00e8tre. L\u00e0 encore ils sont remplis au 2\/3 mais d&rsquo;un m\u00e9lange de terre finement broy\u00e9e, de sable fin et de quelques d\u00e9bris v\u00e9g\u00e9taux de mousses et de sphaignes notamment, afin de reproduire au mieux les conditions de milieux de cette esp\u00e8ce. Il est \u00e0 noter qu&rsquo;aucun trou n&rsquo;a \u00e9t\u00e9 creus\u00e9 dans le substrat afin de mieux observer la fa\u00e7on dont&nbsp;<em>Atypus affinis&nbsp;<\/em>\u00e9labore son terrier. Les bocaux ont \u00e9t\u00e9 plac\u00e9s dans une pi\u00e8ce o\u00f9 la temp\u00e9rature est de 22\u00b0C en moyenne et les conditions d&rsquo;ensoleillement sont moyennes. Des conditions d&rsquo;humidit\u00e9 moyenne sont \u00e9galement entretenues. Les observations se sont d\u00e9roul\u00e9es sur une p\u00e9riode de 3 semaines.&nbsp;<br>Les araign\u00e9es semblent dans un premier temps rechercher l&rsquo;endroit propice o\u00f9 initier la construction du terrier. Dans le cas des 4 individus, l&rsquo;installation s&rsquo;est faite le long des parois. Ceci pourrait s&rsquo;expliquer par le fait que ces araign\u00e9es tissent leurs chaussettes de soie le long de fortes pentes dans un grand nombre de cas. Dans un deuxi\u00e8me temps les araign\u00e9es creusent l\u00e9g\u00e8rement la terre puis commencent l&rsquo;\u00e9laboration de la chaussette. Celle-ci prend forme tr\u00e8s rapidement. En effet, dans le cas du sp\u00e9cimen n\u00b02, une \u00e9bauche d&rsquo;environ 1 cm \u00e9tait construite en l&rsquo;espace de 4 heures. Apr\u00e8s 3 jours et une nuit la taille de la chaussette atteignait 6,5 cm dans sa partie externe. La construction de cette toile est r\u00e9alis\u00e9e principalement la nuit. L&rsquo;animal agr\u00e9mente ensuite sur toute la surface de la partie externe du tube de petits grains de terre ainsi que les d\u00e9bris v\u00e9g\u00e9taux que l&rsquo;araign\u00e9e a pu r\u00e9cup\u00e9rer. Le sp\u00e9cimen n\u00b02 s&rsquo;est ensuite attach\u00e9 \u00e0 creuser une galerie souterraine en rabattant les grains de terre en formant un petit monticule le long de la chaussette verticale, qui semble jouer un r\u00f4le de soutien de la toile.&nbsp;<br>Les autres individus (1,3,4) n&rsquo;ont pas donn\u00e9 les m\u00eames r\u00e9sultats. En effet, en ce qui concerne les sp\u00e9cimens 1 et 3, seul l&rsquo;individu 3 a commenc\u00e9 \u00e0 tisser l&rsquo;\u00e9bauche d&rsquo;un tube de soie. L&rsquo;individu 1 a l\u00e9g\u00e8rement creus\u00e9 la terre le long d&rsquo;une paroi avant de s&rsquo;enfermer dans une sorte de cocon et de ne plus montrer aucun signe d&rsquo;activit\u00e9. Il est possible que l&rsquo;individu soit entr\u00e9 en p\u00e9riode de mue ou tout simplement qu&rsquo;il soit en train de mourir, les conditions du milieu ne le satisfaisant pas. L&rsquo;individu n\u00b04 semble lui aussi avoir du mal \u00e0 s&rsquo;adapter aux conditions. Il a cherch\u00e9 longtemps un endroit o\u00f9 s&rsquo;installer, pendant 3 jours, avant de s&rsquo;enterrer et de former un monticule de terre d&rsquo;environs 2 cm de haut. L&rsquo;animal n&rsquo;a plus montr\u00e9 de signes d&rsquo;activit\u00e9 pendant 10 jours avant, tout comme le sp\u00e9cimen n\u00b02 et au m\u00eame endroit dans le bocal, de tisser une chaussette de soie . En deux jour celle-ci atteignait le sommet du bocal.<\/p>\n\n\n\n<p>Les sites de prospection sur les pelouses calcaires d&rsquo;Arnaville \u00e9taient deux grandes pelouses ferm\u00e9es l\u00e9g\u00e8rement en pente o\u00f9 le brome \u00e9rig\u00e9 constituait l&rsquo;esp\u00e8ce v\u00e9g\u00e9tale dominante.<br>Nous n&rsquo;avons trouv\u00e9 que deux terriers d&rsquo;<em>Atypus<\/em>&nbsp;sur deux pelouses diff\u00e9rentes s\u00e9par\u00e9es d&rsquo;environ 200 m\u00e8tres par une rang\u00e9e d&rsquo;arbres et de buissons. Le taux d&rsquo;ensoleillement est de 99%. Le sol est une argile relativement grossi\u00e8re. Ces deux conditions \u00e9cologiques sont radicalement diff\u00e9rentes de celles que nous avions trouv\u00e9es dans les Vosges. N\u00e9anmoins le sol est \u00e9galement couvert de mousse. Les deux chaussettes ont \u00e9t\u00e9 d\u00e9couvertes dans des zones relativement d\u00e9gag\u00e9es de hautes herbes, \u00e0 la base de petites butes de terre hautes de 5 cm, sur lesquelles poussent des gramin\u00e9es. Les deux chaussettes mesurent respectivement 13 et 16 cm de longueur. Dans la premi\u00e8re, nous n&rsquo;avons pu extraire que deux exuvies d&rsquo;<em>Atypus<\/em>&nbsp;sp.. Dans la deuxi\u00e8me, nous avons eu la surprise de trouver deux individus, le premier cach\u00e9 et repli\u00e9 au fond du tube de soie et le second repli\u00e9 \u00e0 l&rsquo;extr\u00e9mit\u00e9 externe de la chaussette. Il est \u00e0 noter qu&rsquo;aucun cocon n&rsquo;a \u00e9t\u00e9 trouv\u00e9 dans le tube de soie. Apr\u00e8s observation, nous avons pu d\u00e9terminer que le premier individu \u00e9tait une femelle et le deuxi\u00e8me un m\u00e2le, l&rsquo;abdomen \u00e9tant beaucoup plus fin et plus petit et les pattes plus fines et plus longues Il n&rsquo;y avait aucun trou dans la chaussette apr\u00e8s que nous l&rsquo;aillons extraite. Il semble donc que les deux sp\u00e9cimens cohabitaient depuis un certain temps. Le m\u00e2le pr\u00e9sente une taille impressionnante dans la mesure o\u00f9 celle-ci est de 1,7 cm sans les pattes, alors que D. Jones, dans le guide des araign\u00e9es et opilions d&rsquo;Europe, estime la taille des m\u00e2les entre 0,7 et 0,9 cm.&nbsp;<br>Ces deux sp\u00e9cimens ont ensuite \u00e9t\u00e9 plac\u00e9s en conditions d&rsquo;\u00e9levage. Dans un premier temps, nous avons enferm\u00e9s les deux individus ensemble. La femelle a commenc\u00e9 \u00e0 creuser l\u00e9g\u00e8rement la terre et \u00e0 tisser, alors que le m\u00e2le restait inactif. Au bout d&rsquo;une journ\u00e9e, les deux araign\u00e9es s&rsquo;\u00e9taient regroup\u00e9es ensemble dans l&rsquo;\u00e9bauche d&rsquo;un terrier. Cette attitude para\u00eet inexplicable dans la mesure o\u00f9 la reproduction et la recherche des femelles par les m\u00e2les se d\u00e9roulent en automne. On sait \u00e9galement que le m\u00e2le peut cohabiter avec la femelle, mais seulement durant l&rsquo;hiver. Nous avons ensuite s\u00e9par\u00e9 les deux individus. Le m\u00e2le est toujours rest\u00e9 pratiquement inactif, alors que la femelle s&rsquo;est tr\u00e8s rapidement mise \u00e0 tisser le d\u00e9but de la chaussette de soie en commen\u00e7ant par la partie externe. Contrairement aux sp\u00e9cimens provenant des Vosges, celle-ci tisse sa toile \u00e0 la surface du sol, \u00e0 l&rsquo;horizontale, et non pas \u00e0 la verticale contre les parois des bocaux. Il semble donc qu&rsquo;en conditions d&rsquo;\u00e9levage, les araign\u00e9es tissent leur tube de soie de la m\u00eame fa\u00e7on qu&rsquo;elles le faisaient dans les conditions naturelles dans lesquelles elles \u00e9voluaient. Le m\u00e2le est mort 2 jours apr\u00e8s avoir \u00e9t\u00e9 s\u00e9par\u00e9 de sa compagne. Il devait donc \u00eatre dans un \u00e9tat de s\u00e9nilit\u00e9 avanc\u00e9, ce qui n&rsquo;est pas surprenant dans la mesure o\u00f9 celui-ci a apparemment pass\u00e9 tout l&rsquo;hiver et le printemps en compagnie de la femelle, ce qui est bien plus que les dur\u00e9es observ\u00e9es normalement.<br>Nourrir les individus est \u00e9galement compliqu\u00e9. En effet toute la nourriture pr\u00e9sent\u00e9e aux diff\u00e9rents sp\u00e9cimens a \u00e9t\u00e9 refus\u00e9e durant pr\u00e8s de 2 semaines. Cette nourriture \u00e9tait compos\u00e9e de mouches de petites tailles (0,5 cm) et de petites sauterelles, vivantes ou mortes.<\/p>\n\n\n\n<p><em>Ces observations, co\u00e9crites par Jean-Marc Birat et Christophe Rocani\u00e8re, sont tir\u00e9es de l&rsquo;article du m\u00eame nom publi\u00e9 dans le n\u00b051 d'\u00a0\u00bbArachnides\u00a0\u00bb (4\u00e8me trimestre 2001).<\/em><\/p>\n","protected":false},"excerpt":{"rendered":"<p>Observations sur&nbsp;Atypus affinis&nbsp;(Mygalomorphae,&nbsp;Atypidae)&nbsp;Eichwald, 1830 en r\u00e9gion Lorraine. Dans le cadre d&rsquo;un travail de recherche de licence de biologie, sur les Mygalomorphes, nous avons cherch\u00e9 \u00e0 observer et recueillir des individus d&rsquo;Atypus affinis&nbsp;sur le terrain dans diff\u00e9rentes zones de la r\u00e9gion&#8230;<\/p>\n","protected":false},"author":1,"featured_media":0,"parent":0,"menu_order":0,"comment_status":"closed","ping_status":"closed","template":"","meta":{"footnotes":""},"class_list":["post-100","page","type-page","status-publish","hentry","no-post-thumbnail"],"_links":{"self":[{"href":"https:\/\/mygalomorphes.xiapdesign.com\/index.php\/wp-json\/wp\/v2\/pages\/100","targetHints":{"allow":["GET"]}}],"collection":[{"href":"https:\/\/mygalomorphes.xiapdesign.com\/index.php\/wp-json\/wp\/v2\/pages"}],"about":[{"href":"https:\/\/mygalomorphes.xiapdesign.com\/index.php\/wp-json\/wp\/v2\/types\/page"}],"author":[{"embeddable":true,"href":"https:\/\/mygalomorphes.xiapdesign.com\/index.php\/wp-json\/wp\/v2\/users\/1"}],"replies":[{"embeddable":true,"href":"https:\/\/mygalomorphes.xiapdesign.com\/index.php\/wp-json\/wp\/v2\/comments?post=100"}],"version-history":[{"count":1,"href":"https:\/\/mygalomorphes.xiapdesign.com\/index.php\/wp-json\/wp\/v2\/pages\/100\/revisions"}],"predecessor-version":[{"id":101,"href":"https:\/\/mygalomorphes.xiapdesign.com\/index.php\/wp-json\/wp\/v2\/pages\/100\/revisions\/101"}],"wp:attachment":[{"href":"https:\/\/mygalomorphes.xiapdesign.com\/index.php\/wp-json\/wp\/v2\/media?parent=100"}],"curies":[{"name":"wp","href":"https:\/\/api.w.org\/{rel}","templated":true}]}}